{"id":5257,"date":"2023-12-08T08:40:28","date_gmt":"2023-12-08T07:40:28","guid":{"rendered":"https:\/\/toftkobber.dk\/?post_type=product&#038;p=5257"},"modified":"2023-12-08T08:43:57","modified_gmt":"2023-12-08T07:43:57","slug":"kobberdaekning-siden-christian-d-4-e-bog","status":"publish","type":"product","link":"https:\/\/toftkobber.dk\/en\/vare\/kobberdaekning-siden-christian-d-4-e-bog\/","title":{"rendered":"Kobberd\u00e6kning siden Christian d. 4. e-bog"},"content":{"rendered":"<p>Kobberd\u00e6kning siden Christian den 4. &#8211; Bogen om den gamle kobberd\u00e6kning, er sp\u00e6kket med meget af den viden som bogens forfatter Brian Toft har opbygget gennem sit arbejde som kobberd\u00e6kker de sidste 31 \u00e5r.<\/p>\n<p>Bogen r\u00f8ber en del af de erfaringer han har gjort sig, samt viser i detaljer, hvordan blandt andet kobbertaget p\u00e5 Marienlyst Slot blev monteret.<\/p>\n<p>Bogen er ment som et opslagsv\u00e6rk for, hvad kobberd\u00e6kkere som minimum skal kunne, samt en fortegnelse over de fagudtryk og m\u00e5leenheder, kobberd\u00e6kkere, arkitekter og ingeni\u00f8rer skal have kendskab til.<\/p>\n","protected":false},"excerpt":{"rendered":"<p>Kobberd\u00e6kning siden Christian den 4. er sp\u00e6kket med meget af den viden som bogens forfatter Brian Toft har opbygget gennem sit arbejde som kobberd\u00e6kker de sidste 31 \u00e5r. En perle for b\u00e5de beslutningstagere, r\u00e5dgiverbranchen og blikkenslagere.<\/p>\n<p>Udgiver: Toft Kobber<br \/>\nUdgivelses\u00e5r: 2018<br \/>\nSider: 114<\/p>\n","protected":false},"featured_media":4168,"template":"","meta":{"_acf_changed":false,"_monsterinsights_skip_tracking":false,"_monsterinsights_sitenote_active":false,"_monsterinsights_sitenote_note":"","_monsterinsights_sitenote_category":0,"site-sidebar-layout":"default","site-content-layout":"","ast-site-content-layout":"default","site-content-style":"default","site-sidebar-style":"default","ast-global-header-display":"","ast-banner-title-visibility":"","ast-main-header-display":"","ast-hfb-above-header-display":"","ast-hfb-below-header-display":"","ast-hfb-mobile-header-display":"","site-post-title":"","ast-breadcrumbs-content":"","ast-featured-img":"","footer-sml-layout":"","ast-disable-related-posts":"","theme-transparent-header-meta":"default","adv-header-id-meta":"","stick-header-meta":"","header-above-stick-meta":"","header-main-stick-meta":"","header-below-stick-meta":"","astra-migrate-meta-layouts":"set","ast-page-background-enabled":"default","ast-page-background-meta":{"desktop":{"background-color":"","background-image":"","background-repeat":"repeat","background-position":"center center","background-size":"auto","background-attachment":"scroll","background-type":"","background-media":"","overlay-type":"","overlay-color":"","overlay-opacity":"","overlay-gradient":""},"tablet":{"background-color":"","background-image":"","background-repeat":"repeat","background-position":"center center","background-size":"auto","background-attachment":"scroll","background-type":"","background-media":"","overlay-type":"","overlay-color":"","overlay-opacity":"","overlay-gradient":""},"mobile":{"background-color":"","background-image":"","background-repeat":"repeat","background-position":"center center","background-size":"auto","background-attachment":"scroll","background-type":"","background-media":"","overlay-type":"","overlay-color":"","overlay-opacity":"","overlay-gradient":""}},"ast-content-background-meta":{"desktop":{"background-color":"var(--ast-global-color-5)","background-image":"","background-repeat":"repeat","background-position":"center center","background-size":"auto","background-attachment":"scroll","background-type":"","background-media":"","overlay-type":"","overlay-color":"","overlay-opacity":"","overlay-gradient":""},"tablet":{"background-color":"var(--ast-global-color-5)","background-image":"","background-repeat":"repeat","background-position":"center center","background-size":"auto","background-attachment":"scroll","background-type":"","background-media":"","overlay-type":"","overlay-color":"","overlay-opacity":"","overlay-gradient":""},"mobile":{"background-color":"var(--ast-global-color-5)","background-image":"","background-repeat":"repeat","background-position":"center center","background-size":"auto","background-attachment":"scroll","background-type":"","background-media":"","overlay-type":"","overlay-color":"","overlay-opacity":"","overlay-gradient":""}}},"product_brand":[],"product_cat":[77],"product_tag":[],"class_list":{"0":"post-5257","1":"product","2":"type-product","3":"status-publish","4":"has-post-thumbnail","6":"product_cat-boeger","7":"desktop-align-left","8":"tablet-align-left","9":"mobile-align-left","11":"first","12":"instock","13":"downloadable","14":"virtual","15":"taxable","16":"purchasable","17":"product-type-simple"},"acf":[],"yoast_head":"<!-- This site is optimized with the Yoast SEO plugin v27.5 - https:\/\/yoast.com\/product\/yoast-seo-wordpress\/ -->\n<title>Kobberd\u00e6kning siden Christian d. 4. e-bog - Toftkobber<\/title>\n<meta name=\"robots\" content=\"index, follow, max-snippet:-1, max-image-preview:large, max-video-preview:-1\" \/>\n<link rel=\"canonical\" href=\"https:\/\/toftkobber.dk\/en\/vare\/kobberdaekning-siden-christian-d-4-e-bog\/\" \/>\n<meta property=\"og:locale\" content=\"en_US\" \/>\n<meta property=\"og:type\" content=\"article\" \/>\n<meta property=\"og:title\" content=\"Kobberd\u00e6kning siden Christian d. 4. e-bog - Toftkobber\" \/>\n<meta property=\"og:description\" content=\"Kobberd\u00e6kning siden Christian den 4. er sp\u00e6kket med meget af den viden som bogens forfatter Brian Toft har opbygget gennem sit arbejde som kobberd\u00e6kker de sidste 31 \u00e5r. En perle for b\u00e5de beslutningstagere, r\u00e5dgiverbranchen og blikkenslagere.  Udgiver: Toft Kobber Udgivelses\u00e5r: 2018 Sider: 114\" \/>\n<meta property=\"og:url\" content=\"https:\/\/toftkobber.dk\/en\/vare\/kobberdaekning-siden-christian-d-4-e-bog\/\" \/>\n<meta property=\"og:site_name\" content=\"Toftkobber\" \/>\n<meta property=\"article:modified_time\" content=\"2023-12-08T07:43:57+00:00\" \/>\n<meta property=\"og:image\" content=\"https:\/\/toftkobber.dk\/wp-content\/uploads\/2022\/12\/kobberbogen-ebog.png\" \/>\n\t<meta property=\"og:image:width\" content=\"1000\" \/>\n\t<meta property=\"og:image:height\" content=\"954\" \/>\n\t<meta property=\"og:image:type\" content=\"image\/png\" \/>\n<meta name=\"twitter:card\" content=\"summary_large_image\" \/>\n<meta name=\"twitter:label1\" content=\"Est. reading time\" \/>\n\t<meta name=\"twitter:data1\" content=\"1 minute\" \/>\n<script type=\"application\/ld+json\" class=\"yoast-schema-graph\">{\"@context\":\"https:\\\/\\\/schema.org\",\"@graph\":[{\"@type\":\"WebPage\",\"@id\":\"https:\\\/\\\/toftkobber.dk\\\/en\\\/vare\\\/kobberdaekning-siden-christian-d-4-e-bog\\\/\",\"url\":\"https:\\\/\\\/toftkobber.dk\\\/en\\\/vare\\\/kobberdaekning-siden-christian-d-4-e-bog\\\/\",\"name\":\"Kobberd\u00e6kning siden Christian d. 4. e-bog - Toftkobber\",\"isPartOf\":{\"@id\":\"https:\\\/\\\/toftkobber.dk\\\/en\\\/#website\"},\"primaryImageOfPage\":{\"@id\":\"https:\\\/\\\/toftkobber.dk\\\/en\\\/vare\\\/kobberdaekning-siden-christian-d-4-e-bog\\\/#primaryimage\"},\"image\":{\"@id\":\"https:\\\/\\\/toftkobber.dk\\\/en\\\/vare\\\/kobberdaekning-siden-christian-d-4-e-bog\\\/#primaryimage\"},\"thumbnailUrl\":\"https:\\\/\\\/toftkobber.dk\\\/wp-content\\\/uploads\\\/2022\\\/12\\\/kobberbogen-ebog.png\",\"datePublished\":\"2023-12-08T07:40:28+00:00\",\"dateModified\":\"2023-12-08T07:43:57+00:00\",\"breadcrumb\":{\"@id\":\"https:\\\/\\\/toftkobber.dk\\\/en\\\/vare\\\/kobberdaekning-siden-christian-d-4-e-bog\\\/#breadcrumb\"},\"inLanguage\":\"en-US\",\"potentialAction\":[{\"@type\":\"ReadAction\",\"target\":[\"https:\\\/\\\/toftkobber.dk\\\/en\\\/vare\\\/kobberdaekning-siden-christian-d-4-e-bog\\\/\"]}]},{\"@type\":\"ImageObject\",\"inLanguage\":\"en-US\",\"@id\":\"https:\\\/\\\/toftkobber.dk\\\/en\\\/vare\\\/kobberdaekning-siden-christian-d-4-e-bog\\\/#primaryimage\",\"url\":\"https:\\\/\\\/toftkobber.dk\\\/wp-content\\\/uploads\\\/2022\\\/12\\\/kobberbogen-ebog.png\",\"contentUrl\":\"https:\\\/\\\/toftkobber.dk\\\/wp-content\\\/uploads\\\/2022\\\/12\\\/kobberbogen-ebog.png\",\"width\":1000,\"height\":954},{\"@type\":\"BreadcrumbList\",\"@id\":\"https:\\\/\\\/toftkobber.dk\\\/en\\\/vare\\\/kobberdaekning-siden-christian-d-4-e-bog\\\/#breadcrumb\",\"itemListElement\":[{\"@type\":\"ListItem\",\"position\":1,\"name\":\"Home\",\"item\":\"https:\\\/\\\/toftkobber.dk\\\/en\\\/\"},{\"@type\":\"ListItem\",\"position\":2,\"name\":\"Shop\",\"item\":\"https:\\\/\\\/toftkobber.dk\\\/shop\\\/\"},{\"@type\":\"ListItem\",\"position\":3,\"name\":\"Kobberd\u00e6kning siden Christian d. 4. e-bog\"}]},{\"@type\":\"WebSite\",\"@id\":\"https:\\\/\\\/toftkobber.dk\\\/en\\\/#website\",\"url\":\"https:\\\/\\\/toftkobber.dk\\\/en\\\/\",\"name\":\"Toftkobber\",\"description\":\"\",\"publisher\":{\"@id\":\"https:\\\/\\\/toftkobber.dk\\\/en\\\/#organization\"},\"potentialAction\":[{\"@type\":\"SearchAction\",\"target\":{\"@type\":\"EntryPoint\",\"urlTemplate\":\"https:\\\/\\\/toftkobber.dk\\\/en\\\/?s={search_term_string}\"},\"query-input\":{\"@type\":\"PropertyValueSpecification\",\"valueRequired\":true,\"valueName\":\"search_term_string\"}}],\"inLanguage\":\"en-US\"},{\"@type\":\"Organization\",\"@id\":\"https:\\\/\\\/toftkobber.dk\\\/en\\\/#organization\",\"name\":\"Toftkobber\",\"url\":\"https:\\\/\\\/toftkobber.dk\\\/en\\\/\",\"logo\":{\"@type\":\"ImageObject\",\"inLanguage\":\"en-US\",\"@id\":\"https:\\\/\\\/toftkobber.dk\\\/en\\\/#\\\/schema\\\/logo\\\/image\\\/\",\"url\":\"https:\\\/\\\/toftkobber.dk\\\/wp-content\\\/uploads\\\/2020\\\/09\\\/cropped-toft_kobber_logo.png\",\"contentUrl\":\"https:\\\/\\\/toftkobber.dk\\\/wp-content\\\/uploads\\\/2020\\\/09\\\/cropped-toft_kobber_logo.png\",\"width\":323,\"height\":156,\"caption\":\"Toftkobber\"},\"image\":{\"@id\":\"https:\\\/\\\/toftkobber.dk\\\/en\\\/#\\\/schema\\\/logo\\\/image\\\/\"}}]}<\/script>\n<!-- \/ Yoast SEO plugin. -->","yoast_head_json":{"title":"Kobberd\u00e6kning siden Christian d. 4. e-bog - Toftkobber","robots":{"index":"index","follow":"follow","max-snippet":"max-snippet:-1","max-image-preview":"max-image-preview:large","max-video-preview":"max-video-preview:-1"},"canonical":"https:\/\/toftkobber.dk\/en\/vare\/kobberdaekning-siden-christian-d-4-e-bog\/","og_locale":"en_US","og_type":"article","og_title":"Kobberd\u00e6kning siden Christian d. 4. e-bog - Toftkobber","og_description":"Kobberd\u00e6kning siden Christian den 4. er sp\u00e6kket med meget af den viden som bogens forfatter Brian Toft har opbygget gennem sit arbejde som kobberd\u00e6kker de sidste 31 \u00e5r. En perle for b\u00e5de beslutningstagere, r\u00e5dgiverbranchen og blikkenslagere.  Udgiver: Toft Kobber Udgivelses\u00e5r: 2018 Sider: 114","og_url":"https:\/\/toftkobber.dk\/en\/vare\/kobberdaekning-siden-christian-d-4-e-bog\/","og_site_name":"Toftkobber","article_modified_time":"2023-12-08T07:43:57+00:00","og_image":[{"width":1000,"height":954,"url":"https:\/\/toftkobber.dk\/wp-content\/uploads\/2022\/12\/kobberbogen-ebog.png","type":"image\/png"}],"twitter_card":"summary_large_image","twitter_misc":{"Est. reading time":"1 minute"},"schema":{"@context":"https:\/\/schema.org","@graph":[{"@type":"WebPage","@id":"https:\/\/toftkobber.dk\/en\/vare\/kobberdaekning-siden-christian-d-4-e-bog\/","url":"https:\/\/toftkobber.dk\/en\/vare\/kobberdaekning-siden-christian-d-4-e-bog\/","name":"Kobberd\u00e6kning siden Christian d. 4. e-bog - Toftkobber","isPartOf":{"@id":"https:\/\/toftkobber.dk\/en\/#website"},"primaryImageOfPage":{"@id":"https:\/\/toftkobber.dk\/en\/vare\/kobberdaekning-siden-christian-d-4-e-bog\/#primaryimage"},"image":{"@id":"https:\/\/toftkobber.dk\/en\/vare\/kobberdaekning-siden-christian-d-4-e-bog\/#primaryimage"},"thumbnailUrl":"https:\/\/toftkobber.dk\/wp-content\/uploads\/2022\/12\/kobberbogen-ebog.png","datePublished":"2023-12-08T07:40:28+00:00","dateModified":"2023-12-08T07:43:57+00:00","breadcrumb":{"@id":"https:\/\/toftkobber.dk\/en\/vare\/kobberdaekning-siden-christian-d-4-e-bog\/#breadcrumb"},"inLanguage":"en-US","potentialAction":[{"@type":"ReadAction","target":["https:\/\/toftkobber.dk\/en\/vare\/kobberdaekning-siden-christian-d-4-e-bog\/"]}]},{"@type":"ImageObject","inLanguage":"en-US","@id":"https:\/\/toftkobber.dk\/en\/vare\/kobberdaekning-siden-christian-d-4-e-bog\/#primaryimage","url":"https:\/\/toftkobber.dk\/wp-content\/uploads\/2022\/12\/kobberbogen-ebog.png","contentUrl":"https:\/\/toftkobber.dk\/wp-content\/uploads\/2022\/12\/kobberbogen-ebog.png","width":1000,"height":954},{"@type":"BreadcrumbList","@id":"https:\/\/toftkobber.dk\/en\/vare\/kobberdaekning-siden-christian-d-4-e-bog\/#breadcrumb","itemListElement":[{"@type":"ListItem","position":1,"name":"Home","item":"https:\/\/toftkobber.dk\/en\/"},{"@type":"ListItem","position":2,"name":"Shop","item":"https:\/\/toftkobber.dk\/shop\/"},{"@type":"ListItem","position":3,"name":"Kobberd\u00e6kning siden Christian d. 4. e-bog"}]},{"@type":"WebSite","@id":"https:\/\/toftkobber.dk\/en\/#website","url":"https:\/\/toftkobber.dk\/en\/","name":"Toftkobber","description":"","publisher":{"@id":"https:\/\/toftkobber.dk\/en\/#organization"},"potentialAction":[{"@type":"SearchAction","target":{"@type":"EntryPoint","urlTemplate":"https:\/\/toftkobber.dk\/en\/?s={search_term_string}"},"query-input":{"@type":"PropertyValueSpecification","valueRequired":true,"valueName":"search_term_string"}}],"inLanguage":"en-US"},{"@type":"Organization","@id":"https:\/\/toftkobber.dk\/en\/#organization","name":"Toftkobber","url":"https:\/\/toftkobber.dk\/en\/","logo":{"@type":"ImageObject","inLanguage":"en-US","@id":"https:\/\/toftkobber.dk\/en\/#\/schema\/logo\/image\/","url":"https:\/\/toftkobber.dk\/wp-content\/uploads\/2020\/09\/cropped-toft_kobber_logo.png","contentUrl":"https:\/\/toftkobber.dk\/wp-content\/uploads\/2020\/09\/cropped-toft_kobber_logo.png","width":323,"height":156,"caption":"Toftkobber"},"image":{"@id":"https:\/\/toftkobber.dk\/en\/#\/schema\/logo\/image\/"}}]}},"_links":{"self":[{"href":"https:\/\/toftkobber.dk\/en\/wp-json\/wp\/v2\/product\/5257","targetHints":{"allow":["GET"]}}],"collection":[{"href":"https:\/\/toftkobber.dk\/en\/wp-json\/wp\/v2\/product"}],"about":[{"href":"https:\/\/toftkobber.dk\/en\/wp-json\/wp\/v2\/types\/product"}],"wp:featuredmedia":[{"embeddable":true,"href":"https:\/\/toftkobber.dk\/en\/wp-json\/wp\/v2\/media\/4168"}],"wp:attachment":[{"href":"https:\/\/toftkobber.dk\/en\/wp-json\/wp\/v2\/media?parent=5257"}],"wp:term":[{"taxonomy":"product_brand","embeddable":true,"href":"https:\/\/toftkobber.dk\/en\/wp-json\/wp\/v2\/product_brand?post=5257"},{"taxonomy":"product_cat","embeddable":true,"href":"https:\/\/toftkobber.dk\/en\/wp-json\/wp\/v2\/product_cat?post=5257"},{"taxonomy":"product_tag","embeddable":true,"href":"https:\/\/toftkobber.dk\/en\/wp-json\/wp\/v2\/product_tag?post=5257"}],"curies":[{"name":"wp","href":"https:\/\/api.w.org\/{rel}","templated":true}]}}